{"id":3941,"date":"2017-05-26T10:32:04","date_gmt":"2017-05-26T09:32:04","guid":{"rendered":"https:\/\/www.whitelabelcrowd.fund\/services\/appointed-representative\/"},"modified":"2023-05-26T14:33:30","modified_gmt":"2023-05-26T13:33:30","slug":"representante-designado","status":"publish","type":"page","link":"https:\/\/www.whitelabelcrowd.fund\/es\/services\/representante-designado\/","title":{"rendered":"Representante designado"},"content":{"rendered":"<p style=\"text-align: justify;\">En WLCF creamos y lanzamos plataformas de crowdfunding y tambi\u00e9n ofrecemos <a href=\"https:\/\/dev.whitelabelcrowd.fund\/es\/consultoria\/\" target=\"_blank\" rel=\"noopener noreferrer\">consultor\u00eda previa al lanzamiento<\/a> y <a href=\"https:\/\/dev.whitelabelcrowd.fund\/es\/asistencia-poslanzamiento\/\" target=\"_blank\" rel=\"noopener noreferrer\">asistencia poslanzamiento<\/a>. Nuestra primera plataforma de pr\u00e9stamos de particulares a empresas (peer-to-business) y empresa asociada, rebuildingsociety.com, ha obtenido recientemente la autorizaci\u00f3n completa por parte de la FCA como Network Principal (responsable de un grupo de representantes designados).<\/p>\n<p style=\"text-align: justify;\">Ahora ofrecemos a nuestros clientes la oportunidad de crear y manejar una plataforma regulada si se convierten en representantes designados y trabajan con <a href=\"http:\/\/www.rebuildingsociety.com\" target=\"_blank\" rel=\"noopener noreferrer\">rebuildingsociety.com<\/a>.<\/p>\n<p style=\"text-align: justify;\">Este sistema de convertirse en plataforma regulada ahorra una gran cantidad de tiempo y de dinero. rebuildingsociety.com se ha esforzado mucho para lograr la autorizaci\u00f3n de la FCA, para lo que ha preparado y aplicado una gran variedad de pol\u00edticas y procesos exigidos como plataforma regulada. Despu\u00e9s de hacerlo para s\u00ed mismos, rebuildingsociety.com est\u00e1 ahora en disposici\u00f3n de aplicar y poner a disposici\u00f3n de los representantes designados estos manuales de pol\u00edticas.<\/p>\n<p style=\"text-align: justify;\">Aparte de la preparaci\u00f3n inicial y la creaci\u00f3n del marco regulatorio, rebuildingsociety.com tambi\u00e9n ofrece asistencia continua, acceso a controles y sistemas probados, estrategias para mitigar riesgos y un modelo operativo optimizado.<\/p>\n<p style=\"text-align: justify;\">Convertirse en representante designado permite a los clientes brit\u00e1nicos de WLCF ampliar el target de su mercado y atraer inversores tanto del sector institucional como del sector de la venta minorista. Mejorar tu acceso al mercado, permitir a nuestros clientes superar a la competencia y poner a prueba su concepto de negocio como representante designado.<\/p>\n<p style=\"text-align: justify;\">Visita <a href=\"http:\/\/www.rebuildingsociety.com\" target=\"_blank\" rel=\"noopener noreferrer\">www.rebuildingsociety.com<\/a> o <a href=\"https:\/\/dev.whitelabelcrowd.fund\/es\/contacta-con-nosotros\/\" target=\"_blank\" rel=\"noopener noreferrer\">ponte en contacto con nosotros<\/a> para obtener m\u00e1s informaci\u00f3n.<\/p>\n","protected":false},"excerpt":{"rendered":"<p>En WLCF creamos y lanzamos plataformas de crowdfunding y tambi\u00e9n ofrecemos consultor\u00eda previa al lanzamiento y asistencia poslanzamiento. Nuestra primera plataforma de pr\u00e9stamos de particulares a empresas (peer-to-business) y empresa asociada, rebuildingsociety.com, ha obtenido recientemente la autorizaci\u00f3n completa por parte de la FCA como Network Principal (responsable de un grupo de representantes designados). Ahora ofrecemos [&hellip;]<\/p>\n","protected":false},"author":21,"featured_media":3763,"parent":3921,"menu_order":0,"comment_status":"closed","ping_status":"closed","template":"page-templates\/fintech-services-simple.php","meta":{"_acf_changed":false,"footnotes":""},"class_list":["post-3941","page","type-page","status-publish","has-post-thumbnail","hentry"],"acf":[],"yoast_head":"<!-- This site is optimized with the Yoast SEO plugin v27.4 - https:\/\/yoast.com\/product\/yoast-seo-wordpress\/ -->\n<title>Representante designado - White Label Crowdfunding<\/title>\n<meta name=\"robots\" content=\"index, follow, max-snippet:-1, max-image-preview:large, max-video-preview:-1\" \/>\n<link rel=\"canonical\" href=\"https:\/\/www.whitelabelcrowd.fund\/es\/services\/representante-designado\/\" \/>\n<meta property=\"og:locale\" content=\"es_ES\" \/>\n<meta property=\"og:type\" content=\"article\" \/>\n<meta property=\"og:title\" content=\"Representante designado - White Label Crowdfunding\" \/>\n<meta property=\"og:description\" content=\"En WLCF creamos y lanzamos plataformas de crowdfunding y tambi\u00e9n ofrecemos consultor\u00eda previa al lanzamiento y asistencia poslanzamiento. Nuestra primera plataforma de pr\u00e9stamos de particulares a empresas (peer-to-business) y empresa asociada, rebuildingsociety.com, ha obtenido recientemente la autorizaci\u00f3n completa por parte de la FCA como Network Principal (responsable de un grupo de representantes designados). Ahora ofrecemos [&hellip;]\" \/>\n<meta property=\"og:url\" content=\"https:\/\/www.whitelabelcrowd.fund\/es\/services\/representante-designado\/\" \/>\n<meta property=\"og:site_name\" content=\"White Label Crowdfunding\" \/>\n<meta property=\"article:publisher\" content=\"https:\/\/www.facebook.com\/whitelabelcrowdfunding\" \/>\n<meta property=\"article:modified_time\" content=\"2023-05-26T13:33:30+00:00\" \/>\n<meta property=\"og:image\" content=\"https:\/\/www.whitelabelcrowd.fund\/wp-content\/uploads\/2014\/08\/our-technology.png\" \/>\n\t<meta property=\"og:image:width\" content=\"600\" \/>\n\t<meta property=\"og:image:height\" content=\"600\" \/>\n\t<meta property=\"og:image:type\" content=\"image\/png\" \/>\n<meta name=\"twitter:card\" content=\"summary_large_image\" \/>\n<meta name=\"twitter:label1\" content=\"Est. reading time\" \/>\n\t<meta name=\"twitter:data1\" content=\"2 minutes\" \/>\n<script type=\"application\/ld+json\" class=\"yoast-schema-graph\">{\"@context\":\"https:\\\/\\\/schema.org\",\"@graph\":[{\"@type\":\"WebPage\",\"@id\":\"https:\\\/\\\/www.whitelabelcrowd.fund\\\/es\\\/services\\\/representante-designado\\\/\",\"url\":\"https:\\\/\\\/www.whitelabelcrowd.fund\\\/es\\\/services\\\/representante-designado\\\/\",\"name\":\"Representante designado - White Label Crowdfunding\",\"isPartOf\":{\"@id\":\"https:\\\/\\\/www.whitelabelcrowd.fund\\\/es\\\/#website\"},\"primaryImageOfPage\":{\"@id\":\"https:\\\/\\\/www.whitelabelcrowd.fund\\\/es\\\/services\\\/representante-designado\\\/#primaryimage\"},\"image\":{\"@id\":\"https:\\\/\\\/www.whitelabelcrowd.fund\\\/es\\\/services\\\/representante-designado\\\/#primaryimage\"},\"thumbnailUrl\":\"https:\\\/\\\/www.whitelabelcrowd.fund\\\/wp-content\\\/uploads\\\/2014\\\/08\\\/our-technology.png\",\"datePublished\":\"2017-05-26T09:32:04+00:00\",\"dateModified\":\"2023-05-26T13:33:30+00:00\",\"breadcrumb\":{\"@id\":\"https:\\\/\\\/www.whitelabelcrowd.fund\\\/es\\\/services\\\/representante-designado\\\/#breadcrumb\"},\"inLanguage\":\"es-ES\",\"potentialAction\":[{\"@type\":\"ReadAction\",\"target\":[\"https:\\\/\\\/www.whitelabelcrowd.fund\\\/es\\\/services\\\/representante-designado\\\/\"]}]},{\"@type\":\"ImageObject\",\"inLanguage\":\"es-ES\",\"@id\":\"https:\\\/\\\/www.whitelabelcrowd.fund\\\/es\\\/services\\\/representante-designado\\\/#primaryimage\",\"url\":\"https:\\\/\\\/www.whitelabelcrowd.fund\\\/wp-content\\\/uploads\\\/2014\\\/08\\\/our-technology.png\",\"contentUrl\":\"https:\\\/\\\/www.whitelabelcrowd.fund\\\/wp-content\\\/uploads\\\/2014\\\/08\\\/our-technology.png\",\"width\":600,\"height\":600},{\"@type\":\"BreadcrumbList\",\"@id\":\"https:\\\/\\\/www.whitelabelcrowd.fund\\\/es\\\/services\\\/representante-designado\\\/#breadcrumb\",\"itemListElement\":[{\"@type\":\"ListItem\",\"position\":1,\"name\":\"Home\",\"item\":\"https:\\\/\\\/www.whitelabelcrowd.fund\\\/es\\\/\"},{\"@type\":\"ListItem\",\"position\":2,\"name\":\"Services\",\"item\":\"https:\\\/\\\/www.whitelabelcrowd.fund\\\/es\\\/services\\\/\"},{\"@type\":\"ListItem\",\"position\":3,\"name\":\"Representante designado\"}]},{\"@type\":\"WebSite\",\"@id\":\"https:\\\/\\\/www.whitelabelcrowd.fund\\\/es\\\/#website\",\"url\":\"https:\\\/\\\/www.whitelabelcrowd.fund\\\/es\\\/\",\"name\":\"White Label Crowdfunding\",\"description\":\"See your future possibilities bloom with the freedom and versatility of peer-to-peer investment and borrowing.\",\"publisher\":{\"@id\":\"https:\\\/\\\/www.whitelabelcrowd.fund\\\/es\\\/#organization\"},\"alternateName\":\"White Label Crowdfunding\",\"potentialAction\":[{\"@type\":\"SearchAction\",\"target\":{\"@type\":\"EntryPoint\",\"urlTemplate\":\"https:\\\/\\\/www.whitelabelcrowd.fund\\\/es\\\/?s={search_term_string}\"},\"query-input\":{\"@type\":\"PropertyValueSpecification\",\"valueRequired\":true,\"valueName\":\"search_term_string\"}}],\"inLanguage\":\"es-ES\"},{\"@type\":\"Organization\",\"@id\":\"https:\\\/\\\/www.whitelabelcrowd.fund\\\/es\\\/#organization\",\"name\":\"White Label Crowdfunding\",\"url\":\"https:\\\/\\\/www.whitelabelcrowd.fund\\\/es\\\/\",\"logo\":{\"@type\":\"ImageObject\",\"inLanguage\":\"es-ES\",\"@id\":\"https:\\\/\\\/www.whitelabelcrowd.fund\\\/es\\\/#\\\/schema\\\/logo\\\/image\\\/\",\"url\":\"https:\\\/\\\/www.whitelabelcrowd.fund\\\/wp-content\\\/uploads\\\/2025\\\/05\\\/wlcf.png\",\"contentUrl\":\"https:\\\/\\\/www.whitelabelcrowd.fund\\\/wp-content\\\/uploads\\\/2025\\\/05\\\/wlcf.png\",\"width\":308,\"height\":308,\"caption\":\"White Label Crowdfunding\"},\"image\":{\"@id\":\"https:\\\/\\\/www.whitelabelcrowd.fund\\\/es\\\/#\\\/schema\\\/logo\\\/image\\\/\"},\"sameAs\":[\"https:\\\/\\\/www.facebook.com\\\/whitelabelcrowdfunding\"]}]}<\/script>\n<!-- \/ Yoast SEO plugin. -->","yoast_head_json":{"title":"Representante designado - White Label Crowdfunding","robots":{"index":"index","follow":"follow","max-snippet":"max-snippet:-1","max-image-preview":"max-image-preview:large","max-video-preview":"max-video-preview:-1"},"canonical":"https:\/\/www.whitelabelcrowd.fund\/es\/services\/representante-designado\/","og_locale":"es_ES","og_type":"article","og_title":"Representante designado - White Label Crowdfunding","og_description":"En WLCF creamos y lanzamos plataformas de crowdfunding y tambi\u00e9n ofrecemos consultor\u00eda previa al lanzamiento y asistencia poslanzamiento. Nuestra primera plataforma de pr\u00e9stamos de particulares a empresas (peer-to-business) y empresa asociada, rebuildingsociety.com, ha obtenido recientemente la autorizaci\u00f3n completa por parte de la FCA como Network Principal (responsable de un grupo de representantes designados). Ahora ofrecemos [&hellip;]","og_url":"https:\/\/www.whitelabelcrowd.fund\/es\/services\/representante-designado\/","og_site_name":"White Label Crowdfunding","article_publisher":"https:\/\/www.facebook.com\/whitelabelcrowdfunding","article_modified_time":"2023-05-26T13:33:30+00:00","og_image":[{"width":600,"height":600,"url":"https:\/\/www.whitelabelcrowd.fund\/wp-content\/uploads\/2014\/08\/our-technology.png","type":"image\/png"}],"twitter_card":"summary_large_image","twitter_misc":{"Est. reading time":"2 minutes"},"schema":{"@context":"https:\/\/schema.org","@graph":[{"@type":"WebPage","@id":"https:\/\/www.whitelabelcrowd.fund\/es\/services\/representante-designado\/","url":"https:\/\/www.whitelabelcrowd.fund\/es\/services\/representante-designado\/","name":"Representante designado - White Label Crowdfunding","isPartOf":{"@id":"https:\/\/www.whitelabelcrowd.fund\/es\/#website"},"primaryImageOfPage":{"@id":"https:\/\/www.whitelabelcrowd.fund\/es\/services\/representante-designado\/#primaryimage"},"image":{"@id":"https:\/\/www.whitelabelcrowd.fund\/es\/services\/representante-designado\/#primaryimage"},"thumbnailUrl":"https:\/\/www.whitelabelcrowd.fund\/wp-content\/uploads\/2014\/08\/our-technology.png","datePublished":"2017-05-26T09:32:04+00:00","dateModified":"2023-05-26T13:33:30+00:00","breadcrumb":{"@id":"https:\/\/www.whitelabelcrowd.fund\/es\/services\/representante-designado\/#breadcrumb"},"inLanguage":"es-ES","potentialAction":[{"@type":"ReadAction","target":["https:\/\/www.whitelabelcrowd.fund\/es\/services\/representante-designado\/"]}]},{"@type":"ImageObject","inLanguage":"es-ES","@id":"https:\/\/www.whitelabelcrowd.fund\/es\/services\/representante-designado\/#primaryimage","url":"https:\/\/www.whitelabelcrowd.fund\/wp-content\/uploads\/2014\/08\/our-technology.png","contentUrl":"https:\/\/www.whitelabelcrowd.fund\/wp-content\/uploads\/2014\/08\/our-technology.png","width":600,"height":600},{"@type":"BreadcrumbList","@id":"https:\/\/www.whitelabelcrowd.fund\/es\/services\/representante-designado\/#breadcrumb","itemListElement":[{"@type":"ListItem","position":1,"name":"Home","item":"https:\/\/www.whitelabelcrowd.fund\/es\/"},{"@type":"ListItem","position":2,"name":"Services","item":"https:\/\/www.whitelabelcrowd.fund\/es\/services\/"},{"@type":"ListItem","position":3,"name":"Representante designado"}]},{"@type":"WebSite","@id":"https:\/\/www.whitelabelcrowd.fund\/es\/#website","url":"https:\/\/www.whitelabelcrowd.fund\/es\/","name":"White Label Crowdfunding","description":"See your future possibilities bloom with the freedom and versatility of peer-to-peer investment and borrowing.","publisher":{"@id":"https:\/\/www.whitelabelcrowd.fund\/es\/#organization"},"alternateName":"White Label Crowdfunding","potentialAction":[{"@type":"SearchAction","target":{"@type":"EntryPoint","urlTemplate":"https:\/\/www.whitelabelcrowd.fund\/es\/?s={search_term_string}"},"query-input":{"@type":"PropertyValueSpecification","valueRequired":true,"valueName":"search_term_string"}}],"inLanguage":"es-ES"},{"@type":"Organization","@id":"https:\/\/www.whitelabelcrowd.fund\/es\/#organization","name":"White Label Crowdfunding","url":"https:\/\/www.whitelabelcrowd.fund\/es\/","logo":{"@type":"ImageObject","inLanguage":"es-ES","@id":"https:\/\/www.whitelabelcrowd.fund\/es\/#\/schema\/logo\/image\/","url":"https:\/\/www.whitelabelcrowd.fund\/wp-content\/uploads\/2025\/05\/wlcf.png","contentUrl":"https:\/\/www.whitelabelcrowd.fund\/wp-content\/uploads\/2025\/05\/wlcf.png","width":308,"height":308,"caption":"White Label Crowdfunding"},"image":{"@id":"https:\/\/www.whitelabelcrowd.fund\/es\/#\/schema\/logo\/image\/"},"sameAs":["https:\/\/www.facebook.com\/whitelabelcrowdfunding"]}]}},"_links":{"self":[{"href":"https:\/\/www.whitelabelcrowd.fund\/es\/wp-json\/wp\/v2\/pages\/3941","targetHints":{"allow":["GET"]}}],"collection":[{"href":"https:\/\/www.whitelabelcrowd.fund\/es\/wp-json\/wp\/v2\/pages"}],"about":[{"href":"https:\/\/www.whitelabelcrowd.fund\/es\/wp-json\/wp\/v2\/types\/page"}],"author":[{"embeddable":true,"href":"https:\/\/www.whitelabelcrowd.fund\/es\/wp-json\/wp\/v2\/users\/21"}],"replies":[{"embeddable":true,"href":"https:\/\/www.whitelabelcrowd.fund\/es\/wp-json\/wp\/v2\/comments?post=3941"}],"version-history":[{"count":8,"href":"https:\/\/www.whitelabelcrowd.fund\/es\/wp-json\/wp\/v2\/pages\/3941\/revisions"}],"predecessor-version":[{"id":11805,"href":"https:\/\/www.whitelabelcrowd.fund\/es\/wp-json\/wp\/v2\/pages\/3941\/revisions\/11805"}],"up":[{"embeddable":true,"href":"https:\/\/www.whitelabelcrowd.fund\/es\/wp-json\/wp\/v2\/pages\/3921"}],"wp:featuredmedia":[{"embeddable":true,"href":"https:\/\/www.whitelabelcrowd.fund\/es\/wp-json\/wp\/v2\/media\/3763"}],"wp:attachment":[{"href":"https:\/\/www.whitelabelcrowd.fund\/es\/wp-json\/wp\/v2\/media?parent=3941"}],"curies":[{"name":"wp","href":"https:\/\/api.w.org\/{rel}","templated":true}]}}