{"id":3939,"date":"2017-05-26T10:32:04","date_gmt":"2017-05-26T09:32:04","guid":{"rendered":"https:\/\/www.whitelabelcrowd.fund\/services\/appointed-representative\/"},"modified":"2023-05-26T14:34:04","modified_gmt":"2023-05-26T13:34:04","slug":"appointed-representative","status":"publish","type":"page","link":"https:\/\/www.whitelabelcrowd.fund\/de\/services\/appointed-representative\/","title":{"rendered":"Autorisierter Vertreter"},"content":{"rendered":"<p style=\"text-align: justify;\">Wir bei WLCF erstellen Crowdfunding-Plattformen und bringen sie online. Dar\u00fcber hinaus bieten wir Beratung <a href=\"https:\/\/dev.whitelabelcrowd.fund\/de\/consultancy\/\" target=\"_blank\" rel=\"noopener noreferrer\">vor<\/a> wie <a href=\"https:\/\/dev.whitelabelcrowd.fund\/de\/post-launch-support\/\" target=\"_blank\" rel=\"noopener noreferrer\">nach dem Go-Live<\/a> an. Unsere allererste Peer-to-Business-Plattform, unser Partnerunternehmen rebuildingsociety.com, erhielt vor kurzem von der FCA, der britischen Finanzaufsicht, die volle Zulassung als Netzwerk-Kreditgeber.<\/p>\n<p style=\"text-align: justify;\">Daher k\u00f6nnen wir unseren Kunden jetzt die M\u00f6glichkeit bieten, als autorisierte Vertreter eine regulierte Plattform einzurichten und zu betreiben und mit <a href=\"http:\/\/www.rebuildingsociety.com\" target=\"_blank\" rel=\"noopener noreferrer\">rebuildingsociety.com<\/a> zusammenzuarbeiten.<\/p>\n<p style=\"text-align: justify;\">Wenn Sie eine solche regulierte Plattform einrichten, spart Ihnen das viel Zeit und Geld. Rebuildingsociety.com hat hart gearbeitet, um die FCA-Zulassung zu erhalten, und im Zuge dessen eine ganze Reihe von Richtlinien und Prozessen entwickelt und umgesetzt, die f\u00fcr eine regulierte Plattform erforderlich sind. Es ist jetzt in der Lage, die entsprechenden Richtlinien und Handb\u00fccher auch autorisierten Vertretern zur Verf\u00fcgung zu stellen.<\/p>\n<p style=\"text-align: justify;\">Rebuildingsociety.com bietet neben der Vorbereitung und Einrichtung des regulatorischen Rahmens auch kontinuierlichen Support, Zugang zu bew\u00e4hrten Systemen und Kontrollen, Risikominderungsstrategien sowie ein optimiertes Betriebsmodell.<\/p>\n<p style=\"text-align: justify;\">Wenn Sie autorisierter Vertreter sind, haben Ihre britische Kunden von WLCF die M\u00f6glichkeit, die Zielgruppe ihres Marktplatzes zu erweitern und sowohl Einzelh\u00e4ndler als auch Institutionen als Investoren zu gewinnen. Verk\u00fcrzen Sie die Zeit bis zur Markteinf\u00fchrung, sodass Ihre Kunden die Konkurrenz \u00fcberholen k\u00f6nnen, und testen Sie ihr Gesch\u00e4ftsmodell zuerst als autorisierter Vertreter.<\/p>\n<p style=\"text-align: justify;\">Besuchen Sie den Bereich f\u00fcr autorisierte Vertreter auf <a href=\"http:\/\/www.rebuildingsociety.com\" target=\"_blank\" rel=\"noopener noreferrer\">www.rebuildingsociety.com<\/a> oder wenden Sie sich f\u00fcr <a href=\"https:\/\/dev.whitelabelcrowd.fund\/de\/contact-us\/\" target=\"_blank\" rel=\"noopener noreferrer\">weitere Informationen an uns<\/a>.<\/p>\n","protected":false},"excerpt":{"rendered":"<p>Wir bei WLCF erstellen Crowdfunding-Plattformen und bringen sie online. Dar\u00fcber hinaus bieten wir Beratung vor wie nach dem Go-Live an. Unsere allererste Peer-to-Business-Plattform, unser Partnerunternehmen rebuildingsociety.com, erhielt vor kurzem von der FCA, der britischen Finanzaufsicht, die volle Zulassung als Netzwerk-Kreditgeber. Daher k\u00f6nnen wir unseren Kunden jetzt die M\u00f6glichkeit bieten, als autorisierte Vertreter eine regulierte Plattform [&hellip;]<\/p>\n","protected":false},"author":21,"featured_media":3761,"parent":3917,"menu_order":0,"comment_status":"closed","ping_status":"closed","template":"page-templates\/fintech-services-simple.php","meta":{"_acf_changed":false,"footnotes":""},"class_list":["post-3939","page","type-page","status-publish","has-post-thumbnail","hentry"],"acf":[],"yoast_head":"<!-- This site is optimized with the Yoast SEO plugin v27.4 - https:\/\/yoast.com\/product\/yoast-seo-wordpress\/ -->\n<title>Autorisierter Vertreter - White Label Crowdfunding<\/title>\n<meta name=\"robots\" content=\"index, follow, max-snippet:-1, max-image-preview:large, max-video-preview:-1\" \/>\n<link rel=\"canonical\" href=\"https:\/\/www.whitelabelcrowd.fund\/de\/services\/appointed-representative\/\" \/>\n<meta property=\"og:locale\" content=\"de_DE\" \/>\n<meta property=\"og:type\" content=\"article\" \/>\n<meta property=\"og:title\" content=\"Autorisierter Vertreter - White Label Crowdfunding\" \/>\n<meta property=\"og:description\" content=\"Wir bei WLCF erstellen Crowdfunding-Plattformen und bringen sie online. Dar\u00fcber hinaus bieten wir Beratung vor wie nach dem Go-Live an. Unsere allererste Peer-to-Business-Plattform, unser Partnerunternehmen rebuildingsociety.com, erhielt vor kurzem von der FCA, der britischen Finanzaufsicht, die volle Zulassung als Netzwerk-Kreditgeber. Daher k\u00f6nnen wir unseren Kunden jetzt die M\u00f6glichkeit bieten, als autorisierte Vertreter eine regulierte Plattform [&hellip;]\" \/>\n<meta property=\"og:url\" content=\"https:\/\/www.whitelabelcrowd.fund\/de\/services\/appointed-representative\/\" \/>\n<meta property=\"og:site_name\" content=\"White Label Crowdfunding\" \/>\n<meta property=\"article:publisher\" content=\"https:\/\/www.facebook.com\/whitelabelcrowdfunding\" \/>\n<meta property=\"article:modified_time\" content=\"2023-05-26T13:34:04+00:00\" \/>\n<meta property=\"og:image\" content=\"https:\/\/www.whitelabelcrowd.fund\/wp-content\/uploads\/2014\/08\/our-technology.png\" \/>\n\t<meta property=\"og:image:width\" content=\"600\" \/>\n\t<meta property=\"og:image:height\" content=\"600\" \/>\n\t<meta property=\"og:image:type\" content=\"image\/png\" \/>\n<meta name=\"twitter:card\" content=\"summary_large_image\" \/>\n<meta name=\"twitter:label1\" content=\"Est. reading time\" \/>\n\t<meta name=\"twitter:data1\" content=\"1 minute\" \/>\n<script type=\"application\/ld+json\" class=\"yoast-schema-graph\">{\"@context\":\"https:\\\/\\\/schema.org\",\"@graph\":[{\"@type\":\"WebPage\",\"@id\":\"https:\\\/\\\/www.whitelabelcrowd.fund\\\/de\\\/services\\\/appointed-representative\\\/\",\"url\":\"https:\\\/\\\/www.whitelabelcrowd.fund\\\/de\\\/services\\\/appointed-representative\\\/\",\"name\":\"Autorisierter Vertreter - White Label Crowdfunding\",\"isPartOf\":{\"@id\":\"https:\\\/\\\/www.whitelabelcrowd.fund\\\/de\\\/#website\"},\"primaryImageOfPage\":{\"@id\":\"https:\\\/\\\/www.whitelabelcrowd.fund\\\/de\\\/services\\\/appointed-representative\\\/#primaryimage\"},\"image\":{\"@id\":\"https:\\\/\\\/www.whitelabelcrowd.fund\\\/de\\\/services\\\/appointed-representative\\\/#primaryimage\"},\"thumbnailUrl\":\"https:\\\/\\\/www.whitelabelcrowd.fund\\\/wp-content\\\/uploads\\\/2014\\\/08\\\/our-technology.png\",\"datePublished\":\"2017-05-26T09:32:04+00:00\",\"dateModified\":\"2023-05-26T13:34:04+00:00\",\"breadcrumb\":{\"@id\":\"https:\\\/\\\/www.whitelabelcrowd.fund\\\/de\\\/services\\\/appointed-representative\\\/#breadcrumb\"},\"inLanguage\":\"de-DE\",\"potentialAction\":[{\"@type\":\"ReadAction\",\"target\":[\"https:\\\/\\\/www.whitelabelcrowd.fund\\\/de\\\/services\\\/appointed-representative\\\/\"]}]},{\"@type\":\"ImageObject\",\"inLanguage\":\"de-DE\",\"@id\":\"https:\\\/\\\/www.whitelabelcrowd.fund\\\/de\\\/services\\\/appointed-representative\\\/#primaryimage\",\"url\":\"https:\\\/\\\/www.whitelabelcrowd.fund\\\/wp-content\\\/uploads\\\/2014\\\/08\\\/our-technology.png\",\"contentUrl\":\"https:\\\/\\\/www.whitelabelcrowd.fund\\\/wp-content\\\/uploads\\\/2014\\\/08\\\/our-technology.png\",\"width\":600,\"height\":600},{\"@type\":\"BreadcrumbList\",\"@id\":\"https:\\\/\\\/www.whitelabelcrowd.fund\\\/de\\\/services\\\/appointed-representative\\\/#breadcrumb\",\"itemListElement\":[{\"@type\":\"ListItem\",\"position\":1,\"name\":\"Home\",\"item\":\"https:\\\/\\\/www.whitelabelcrowd.fund\\\/de\\\/\"},{\"@type\":\"ListItem\",\"position\":2,\"name\":\"Services\",\"item\":\"https:\\\/\\\/www.whitelabelcrowd.fund\\\/de\\\/services\\\/\"},{\"@type\":\"ListItem\",\"position\":3,\"name\":\"Autorisierter Vertreter\"}]},{\"@type\":\"WebSite\",\"@id\":\"https:\\\/\\\/www.whitelabelcrowd.fund\\\/de\\\/#website\",\"url\":\"https:\\\/\\\/www.whitelabelcrowd.fund\\\/de\\\/\",\"name\":\"White Label Crowdfunding\",\"description\":\"See your future possibilities bloom with the freedom and versatility of peer-to-peer investment and borrowing.\",\"publisher\":{\"@id\":\"https:\\\/\\\/www.whitelabelcrowd.fund\\\/de\\\/#organization\"},\"alternateName\":\"White Label Crowdfunding\",\"potentialAction\":[{\"@type\":\"SearchAction\",\"target\":{\"@type\":\"EntryPoint\",\"urlTemplate\":\"https:\\\/\\\/www.whitelabelcrowd.fund\\\/de\\\/?s={search_term_string}\"},\"query-input\":{\"@type\":\"PropertyValueSpecification\",\"valueRequired\":true,\"valueName\":\"search_term_string\"}}],\"inLanguage\":\"de-DE\"},{\"@type\":\"Organization\",\"@id\":\"https:\\\/\\\/www.whitelabelcrowd.fund\\\/de\\\/#organization\",\"name\":\"White Label Crowdfunding\",\"url\":\"https:\\\/\\\/www.whitelabelcrowd.fund\\\/de\\\/\",\"logo\":{\"@type\":\"ImageObject\",\"inLanguage\":\"de-DE\",\"@id\":\"https:\\\/\\\/www.whitelabelcrowd.fund\\\/de\\\/#\\\/schema\\\/logo\\\/image\\\/\",\"url\":\"https:\\\/\\\/www.whitelabelcrowd.fund\\\/wp-content\\\/uploads\\\/2025\\\/05\\\/wlcf.png\",\"contentUrl\":\"https:\\\/\\\/www.whitelabelcrowd.fund\\\/wp-content\\\/uploads\\\/2025\\\/05\\\/wlcf.png\",\"width\":308,\"height\":308,\"caption\":\"White Label Crowdfunding\"},\"image\":{\"@id\":\"https:\\\/\\\/www.whitelabelcrowd.fund\\\/de\\\/#\\\/schema\\\/logo\\\/image\\\/\"},\"sameAs\":[\"https:\\\/\\\/www.facebook.com\\\/whitelabelcrowdfunding\"]}]}<\/script>\n<!-- \/ Yoast SEO plugin. -->","yoast_head_json":{"title":"Autorisierter Vertreter - White Label Crowdfunding","robots":{"index":"index","follow":"follow","max-snippet":"max-snippet:-1","max-image-preview":"max-image-preview:large","max-video-preview":"max-video-preview:-1"},"canonical":"https:\/\/www.whitelabelcrowd.fund\/de\/services\/appointed-representative\/","og_locale":"de_DE","og_type":"article","og_title":"Autorisierter Vertreter - White Label Crowdfunding","og_description":"Wir bei WLCF erstellen Crowdfunding-Plattformen und bringen sie online. Dar\u00fcber hinaus bieten wir Beratung vor wie nach dem Go-Live an. Unsere allererste Peer-to-Business-Plattform, unser Partnerunternehmen rebuildingsociety.com, erhielt vor kurzem von der FCA, der britischen Finanzaufsicht, die volle Zulassung als Netzwerk-Kreditgeber. Daher k\u00f6nnen wir unseren Kunden jetzt die M\u00f6glichkeit bieten, als autorisierte Vertreter eine regulierte Plattform [&hellip;]","og_url":"https:\/\/www.whitelabelcrowd.fund\/de\/services\/appointed-representative\/","og_site_name":"White Label Crowdfunding","article_publisher":"https:\/\/www.facebook.com\/whitelabelcrowdfunding","article_modified_time":"2023-05-26T13:34:04+00:00","og_image":[{"width":600,"height":600,"url":"https:\/\/www.whitelabelcrowd.fund\/wp-content\/uploads\/2014\/08\/our-technology.png","type":"image\/png"}],"twitter_card":"summary_large_image","twitter_misc":{"Est. reading time":"1 minute"},"schema":{"@context":"https:\/\/schema.org","@graph":[{"@type":"WebPage","@id":"https:\/\/www.whitelabelcrowd.fund\/de\/services\/appointed-representative\/","url":"https:\/\/www.whitelabelcrowd.fund\/de\/services\/appointed-representative\/","name":"Autorisierter Vertreter - White Label Crowdfunding","isPartOf":{"@id":"https:\/\/www.whitelabelcrowd.fund\/de\/#website"},"primaryImageOfPage":{"@id":"https:\/\/www.whitelabelcrowd.fund\/de\/services\/appointed-representative\/#primaryimage"},"image":{"@id":"https:\/\/www.whitelabelcrowd.fund\/de\/services\/appointed-representative\/#primaryimage"},"thumbnailUrl":"https:\/\/www.whitelabelcrowd.fund\/wp-content\/uploads\/2014\/08\/our-technology.png","datePublished":"2017-05-26T09:32:04+00:00","dateModified":"2023-05-26T13:34:04+00:00","breadcrumb":{"@id":"https:\/\/www.whitelabelcrowd.fund\/de\/services\/appointed-representative\/#breadcrumb"},"inLanguage":"de-DE","potentialAction":[{"@type":"ReadAction","target":["https:\/\/www.whitelabelcrowd.fund\/de\/services\/appointed-representative\/"]}]},{"@type":"ImageObject","inLanguage":"de-DE","@id":"https:\/\/www.whitelabelcrowd.fund\/de\/services\/appointed-representative\/#primaryimage","url":"https:\/\/www.whitelabelcrowd.fund\/wp-content\/uploads\/2014\/08\/our-technology.png","contentUrl":"https:\/\/www.whitelabelcrowd.fund\/wp-content\/uploads\/2014\/08\/our-technology.png","width":600,"height":600},{"@type":"BreadcrumbList","@id":"https:\/\/www.whitelabelcrowd.fund\/de\/services\/appointed-representative\/#breadcrumb","itemListElement":[{"@type":"ListItem","position":1,"name":"Home","item":"https:\/\/www.whitelabelcrowd.fund\/de\/"},{"@type":"ListItem","position":2,"name":"Services","item":"https:\/\/www.whitelabelcrowd.fund\/de\/services\/"},{"@type":"ListItem","position":3,"name":"Autorisierter Vertreter"}]},{"@type":"WebSite","@id":"https:\/\/www.whitelabelcrowd.fund\/de\/#website","url":"https:\/\/www.whitelabelcrowd.fund\/de\/","name":"White Label Crowdfunding","description":"See your future possibilities bloom with the freedom and versatility of peer-to-peer investment and borrowing.","publisher":{"@id":"https:\/\/www.whitelabelcrowd.fund\/de\/#organization"},"alternateName":"White Label Crowdfunding","potentialAction":[{"@type":"SearchAction","target":{"@type":"EntryPoint","urlTemplate":"https:\/\/www.whitelabelcrowd.fund\/de\/?s={search_term_string}"},"query-input":{"@type":"PropertyValueSpecification","valueRequired":true,"valueName":"search_term_string"}}],"inLanguage":"de-DE"},{"@type":"Organization","@id":"https:\/\/www.whitelabelcrowd.fund\/de\/#organization","name":"White Label Crowdfunding","url":"https:\/\/www.whitelabelcrowd.fund\/de\/","logo":{"@type":"ImageObject","inLanguage":"de-DE","@id":"https:\/\/www.whitelabelcrowd.fund\/de\/#\/schema\/logo\/image\/","url":"https:\/\/www.whitelabelcrowd.fund\/wp-content\/uploads\/2025\/05\/wlcf.png","contentUrl":"https:\/\/www.whitelabelcrowd.fund\/wp-content\/uploads\/2025\/05\/wlcf.png","width":308,"height":308,"caption":"White Label Crowdfunding"},"image":{"@id":"https:\/\/www.whitelabelcrowd.fund\/de\/#\/schema\/logo\/image\/"},"sameAs":["https:\/\/www.facebook.com\/whitelabelcrowdfunding"]}]}},"_links":{"self":[{"href":"https:\/\/www.whitelabelcrowd.fund\/de\/wp-json\/wp\/v2\/pages\/3939","targetHints":{"allow":["GET"]}}],"collection":[{"href":"https:\/\/www.whitelabelcrowd.fund\/de\/wp-json\/wp\/v2\/pages"}],"about":[{"href":"https:\/\/www.whitelabelcrowd.fund\/de\/wp-json\/wp\/v2\/types\/page"}],"author":[{"embeddable":true,"href":"https:\/\/www.whitelabelcrowd.fund\/de\/wp-json\/wp\/v2\/users\/21"}],"replies":[{"embeddable":true,"href":"https:\/\/www.whitelabelcrowd.fund\/de\/wp-json\/wp\/v2\/comments?post=3939"}],"version-history":[{"count":5,"href":"https:\/\/www.whitelabelcrowd.fund\/de\/wp-json\/wp\/v2\/pages\/3939\/revisions"}],"predecessor-version":[{"id":11808,"href":"https:\/\/www.whitelabelcrowd.fund\/de\/wp-json\/wp\/v2\/pages\/3939\/revisions\/11808"}],"up":[{"embeddable":true,"href":"https:\/\/www.whitelabelcrowd.fund\/de\/wp-json\/wp\/v2\/pages\/3917"}],"wp:featuredmedia":[{"embeddable":true,"href":"https:\/\/www.whitelabelcrowd.fund\/de\/wp-json\/wp\/v2\/media\/3761"}],"wp:attachment":[{"href":"https:\/\/www.whitelabelcrowd.fund\/de\/wp-json\/wp\/v2\/media?parent=3939"}],"curies":[{"name":"wp","href":"https:\/\/api.w.org\/{rel}","templated":true}]}}